{"id":2315,"date":"2023-06-07T11:29:40","date_gmt":"2023-06-07T17:29:40","guid":{"rendered":"https:\/\/www.conacyt.gob.sv\/?page_id=2315"},"modified":"2023-08-09T15:12:10","modified_gmt":"2023-08-09T21:12:10","slug":"descargas","status":"publish","type":"page","link":"https:\/\/www.conacyt.gob.sv\/?page_id=2315","title":{"rendered":"Descargas"},"content":{"rendered":"\n<figure class=\"wp-block-table\"><table class=\"has-fixed-layout\"><tbody><tr><td class=\"has-text-align-center\" data-align=\"center\"><\/td><td class=\"has-text-align-center\" data-align=\"center\"><strong>EUREKA gu\u00edas de informaci\u00f3n para cada categor\u00eda<\/strong><\/td><td class=\"has-text-align-center\" data-align=\"center\"><\/td><\/tr><tr><td class=\"has-text-align-center\" data-align=\"center\"><strong>ANEXO1. CATEGOR\u00cdA EDUCACI\u00d3N B\u00c1SICA<\/strong><\/td><td class=\"has-text-align-center\" data-align=\"center\"><strong>ANEXO2. CATEGOR\u00cdA&nbsp;EDUCACI\u00d3N MEDIA GENERAL<\/strong><\/td><td class=\"has-text-align-center\" data-align=\"center\"><strong>ANEXO3. CATEGOR\u00cdA EDUCACI\u00d3N MEDIA T\u00c9CNICA<\/strong><\/td><\/tr><tr><td class=\"has-text-align-center\" data-align=\"center\"><img decoding=\"async\" width=\"100\" height=\"100\" class=\"wp-image-2470\" style=\"width: 100px;\" src=\"https:\/\/www.conacyt.gob.sv\/wp-content\/uploads\/2023\/06\/Icono_pdf-2.png\" alt=\"\"><br><strong><a href=\"https:\/\/www.conacyt.gob.sv\/?wpdmpro=anexo1-categoria-educacion-basica\">Proyecto Demostrativo de Principios y Procesos Cient\u00edficos o su aplicaci\u00f3n<\/a><\/strong><\/td><td class=\"has-text-align-center\" data-align=\"center\"><img decoding=\"async\" width=\"100\" height=\"100\" class=\"wp-image-2470\" style=\"width: 100px;\" src=\"https:\/\/www.conacyt.gob.sv\/wp-content\/uploads\/2023\/06\/Icono_pdf-2.png\" alt=\"\"><br><strong><a href=\"https:\/\/www.conacyt.gob.sv\/?wpdmpro=anexo2-categoria-educacion-media-general\">Anteproyecto de Investigaci\u00f3n Cient\u00edfica<\/a><\/strong><\/td><td class=\"has-text-align-center\" data-align=\"center\"><img decoding=\"async\" width=\"100\" height=\"100\" class=\"wp-image-2470\" style=\"width: 100px;\" src=\"https:\/\/www.conacyt.gob.sv\/wp-content\/uploads\/2023\/06\/Icono_pdf-2.png\" alt=\"\"><br><strong><a href=\"https:\/\/www.conacyt.gob.sv\/?post_type=wpdmpro&amp;p=2272&amp;preview=true\">Proyecto de aplicaci\u00f3n de tecnolog\u00edas<\/a><\/strong><\/td><\/tr><tr><td class=\"has-text-align-center\" data-align=\"center\"><strong>ANEXO4.&nbsp;<\/strong><br><strong>CATEGOR\u00cdA ORATORIA CIENT\u00cdFICA<\/strong><\/td><td class=\"has-text-align-center\" data-align=\"center\"><strong>PLANTILLA AZUL<\/strong><\/td><td class=\"has-text-align-center\" data-align=\"center\"><strong>PLANTILLA BLANCA<\/strong><\/td><\/tr><tr><td class=\"has-text-align-center\" data-align=\"center\"><img decoding=\"async\" width=\"100\" height=\"100\" class=\"wp-image-2470\" style=\"width: 100px;\" src=\"https:\/\/www.conacyt.gob.sv\/wp-content\/uploads\/2023\/06\/Icono_pdf-2.png\" alt=\"\"><br><a href=\"https:\/\/www.conacyt.gob.sv\/?wpdmpro=anexo4-categoria-oratoria-cientifica\">Oratoria Cient\u00edfica<\/a> <\/td><td class=\"has-text-align-center\" data-align=\"center\"><img decoding=\"async\" width=\"100\" height=\"100\" class=\"wp-image-2321\" style=\"width: 100px;\" src=\"https:\/\/www.conacyt.gob.sv\/wp-content\/uploads\/2023\/06\/Microsoft_Office_PowerPoint_2019\u2013present.svg_.png\" alt=\"\"><br><a href=\"https:\/\/www.conacyt.gob.sv\/?wpdmpro=descarga-la-plantilla-en-azul\">Plantilla azul<\/a><\/td><td class=\"has-text-align-center\" data-align=\"center\"><img decoding=\"async\" width=\"100\" height=\"100\" class=\"wp-image-2321\" style=\"width: 100px;\" src=\"https:\/\/www.conacyt.gob.sv\/wp-content\/uploads\/2023\/06\/Microsoft_Office_PowerPoint_2019\u2013present.svg_.png\" alt=\"\"><br><a href=\"https:\/\/www.conacyt.gob.sv\/?wpdmpro=descarga-la-plantilla-en-blanco\">Plantilla blanca<\/a><\/td><\/tr><tr><td class=\"has-text-align-center\" data-align=\"center\"><\/td><td class=\"has-text-align-center\" data-align=\"center\">Premio Nacional a la investigaci\u00f3n cient\u00edfica 2023<\/td><td class=\"has-text-align-center\" data-align=\"center\"><\/td><\/tr><tr><td class=\"has-text-align-center\" data-align=\"center\"><\/td><td class=\"has-text-align-center\" data-align=\"center\"><img decoding=\"async\" width=\"100\" height=\"100\" class=\"wp-image-2470\" style=\"width: 100px;\" src=\"https:\/\/conacyt.gob.sv\/wp-content\/uploads\/2023\/06\/Icono_pdf-2.png\" alt=\"\"><br><a href=\"https:\/\/conacyt.gob.sv\/?wpdmpro=convocatoria-para-postularse-a-jurados-evaluadores-del-premio-nacional-a-la-investigacion-cientifica-2023\">Convocatoria para postularse a Jurados Evaluadores del Premio Nacional a la Investigaci\u00f3n Cient\u00edfica<\/a><\/td><td class=\"has-text-align-center\" data-align=\"center\"><\/td><\/tr><tr><td class=\"has-text-align-center\" data-align=\"center\"><img decoding=\"async\" width=\"100\" height=\"100\" class=\"wp-image-2470\" style=\"width: 100px;\" src=\"https:\/\/www.conacyt.gob.sv\/wp-content\/uploads\/2023\/06\/Icono_pdf-2.png\" alt=\"\"><br><a href=\"https:\/\/www.conacyt.gob.sv\/?wpdmpro=bases-de-participacion-premio-2023\">Bases de participaci\u00f3n <\/a><\/td><td class=\"has-text-align-center\" data-align=\"center\"><img decoding=\"async\" width=\"100\" height=\"100\" class=\"wp-image-2470\" style=\"width: 100px;\" src=\"https:\/\/www.conacyt.gob.sv\/wp-content\/uploads\/2023\/06\/Icono_pdf-2.png\" alt=\"\"><br><a href=\"https:\/\/www.conacyt.gob.sv\/?wpdmpro=terminos-de-referencia-estructura-para-la-redaccion-de-un-articulo-cientifico\">Estructura de redacci\u00f3n articulo cient\u00edfico<\/a><\/td><td class=\"has-text-align-center\" data-align=\"center\"><img decoding=\"async\" width=\"100\" height=\"100\" class=\"wp-image-2470\" style=\"width: 100px;\" src=\"https:\/\/www.conacyt.gob.sv\/wp-content\/uploads\/2023\/06\/Icono_pdf-2.png\" alt=\"\"><br><a href=\"https:\/\/www.conacyt.gob.sv\/?wpdmpro=pitch-cientifico\">Pitch Cient\u00edfico<\/a><\/td><\/tr><\/tbody><\/table><\/figure>\n","protected":false},"excerpt":{"rendered":"<div class=\"parrafos-blancos-letranegra\"><p>EUREKA gu\u00edas de informaci\u00f3n para cada categor\u00eda ANEXO1. CATEGOR\u00cdA EDUCACI\u00d3N B\u00c1SICA ANEXO2. CATEGOR\u00cdA&nbsp;EDUCACI\u00d3N MEDIA GENERAL ANEXO3. CATEGOR\u00cdA EDUCACI\u00d3N MEDIA T\u00c9CNICA Proyecto Demostrativo de Principios y Procesos Cient\u00edficos o su aplicaci\u00f3n [&hellip;]<\/p>\n<\/div>","protected":false},"author":1,"featured_media":0,"parent":0,"menu_order":0,"comment_status":"closed","ping_status":"closed","template":"","meta":{"om_disable_all_campaigns":false,"footnotes":""},"class_list":["post-2315","page","type-page","status-publish","hentry"],"_links":{"self":[{"href":"https:\/\/www.conacyt.gob.sv\/index.php?rest_route=\/wp\/v2\/pages\/2315","targetHints":{"allow":["GET"]}}],"collection":[{"href":"https:\/\/www.conacyt.gob.sv\/index.php?rest_route=\/wp\/v2\/pages"}],"about":[{"href":"https:\/\/www.conacyt.gob.sv\/index.php?rest_route=\/wp\/v2\/types\/page"}],"author":[{"embeddable":true,"href":"https:\/\/www.conacyt.gob.sv\/index.php?rest_route=\/wp\/v2\/users\/1"}],"replies":[{"embeddable":true,"href":"https:\/\/www.conacyt.gob.sv\/index.php?rest_route=%2Fwp%2Fv2%2Fcomments&post=2315"}],"version-history":[{"count":22,"href":"https:\/\/www.conacyt.gob.sv\/index.php?rest_route=\/wp\/v2\/pages\/2315\/revisions"}],"predecessor-version":[{"id":3070,"href":"https:\/\/www.conacyt.gob.sv\/index.php?rest_route=\/wp\/v2\/pages\/2315\/revisions\/3070"}],"wp:attachment":[{"href":"https:\/\/www.conacyt.gob.sv\/index.php?rest_route=%2Fwp%2Fv2%2Fmedia&parent=2315"}],"curies":[{"name":"wp","href":"https:\/\/api.w.org\/{rel}","templated":true}]}}