{"id":2415,"date":"2023-06-07T21:32:24","date_gmt":"2023-06-08T03:32:24","guid":{"rendered":"https:\/\/www.conacyt.gob.sv\/?page_id=2415"},"modified":"2023-06-08T14:14:37","modified_gmt":"2023-06-08T20:14:37","slug":"bases","status":"publish","type":"page","link":"https:\/\/www.conacyt.gob.sv\/?page_id=2415","title":{"rendered":"Bases"},"content":{"rendered":"\n<div class=\"wp-block-columns is-layout-flex wp-container-core-columns-is-layout-9d6595d7 wp-block-columns-is-layout-flex\">\n<div class=\"wp-block-column is-layout-flow wp-block-column-is-layout-flow\" style=\"flex-basis:33.33%\">\n<p><a href=\"https:\/\/www.conacyt.gob.sv\/?p=2390\">Inicio<\/a><br><a href=\"https:\/\/www.conacyt.gob.sv\/?page_id=2415\">Bases<\/a><br><a href=\"https:\/\/forms.gle\/54rHNLUzPq3ttrGn7\">Formulario de inscripci\u00f3n<\/a><br><a href=\"https:\/\/www.conacyt.gob.sv\/?page_id=2425\">Extras<\/a><\/p>\n<\/div>\n\n\n\n<div class=\"wp-block-column is-layout-flow wp-block-column-is-layout-flow\" style=\"flex-basis:66.66%\"><\/div>\n<\/div>\n\n\n\n<div class=\"wp-block-columns is-layout-flex wp-container-core-columns-is-layout-9d6595d7 wp-block-columns-is-layout-flex\">\n<div class=\"wp-block-column is-layout-flow wp-block-column-is-layout-flow\">\n<h2 class=\"wp-block-heading has-text-align-center\" id=\"h.9fnyhwopst4j_l\">Aspectos importantes de las <strong>Bases de competencia<\/strong><br>que se deben tomar en cuenta<\/h2>\n<\/div>\n<\/div>\n\n\n\n<div class=\"wp-block-media-text alignwide is-stacked-on-mobile\" style=\"grid-template-columns:20% auto\"><figure class=\"wp-block-media-text__media\"><img fetchpriority=\"high\" decoding=\"async\" width=\"430\" height=\"430\" src=\"https:\/\/www.conacyt.gob.sv\/wp-content\/uploads\/2023\/06\/number-430x430.png\" alt=\"\" class=\"wp-image-2417 size-full\" srcset=\"https:\/\/www.conacyt.gob.sv\/wp-content\/uploads\/2023\/06\/number-430x430.png 430w, https:\/\/www.conacyt.gob.sv\/wp-content\/uploads\/2023\/06\/number-150x150.png 150w, https:\/\/www.conacyt.gob.sv\/wp-content\/uploads\/2023\/06\/number.png 512w\" sizes=\"(max-width: 430px) 100vw, 430px\" \/><\/figure><div class=\"wp-block-media-text__content\">\n<p>Pueden participar en la competencia investigadores de Instituciones de Educaci\u00f3n Superior y Centros de Investigaci\u00f3n de El Salvador que hayan llevado a cabo investigaciones cient\u00edficas y\/o tecnol\u00f3gicas que cumplan con los siguientes requisitos:<\/p>\n\n\n\n<ul class=\"wp-block-list\">\n<li>Haber sido realizadas en los \u00faltimos dos a\u00f1os.<\/li>\n\n\n\n<li>Haber sido presentadas en congresos o publicadas en revistas cient\u00edficas reconocidas.<\/li>\n\n\n\n<li>Ser de calidad y relevancia cient\u00edfica.<\/li>\n<\/ul>\n<\/div><\/div>\n\n\n\n<div class=\"wp-block-columns is-layout-flex wp-container-core-columns-is-layout-9d6595d7 wp-block-columns-is-layout-flex\">\n<div class=\"wp-block-column is-layout-flow wp-block-column-is-layout-flow\"><\/div>\n<\/div>\n\n\n\n<div class=\"wp-block-media-text alignwide is-stacked-on-mobile\" style=\"grid-template-columns:20% auto\"><figure class=\"wp-block-media-text__media\"><img decoding=\"async\" width=\"430\" height=\"430\" src=\"https:\/\/www.conacyt.gob.sv\/wp-content\/uploads\/2023\/06\/number-2-430x430.png\" alt=\"\" class=\"wp-image-2418 size-full\" srcset=\"https:\/\/www.conacyt.gob.sv\/wp-content\/uploads\/2023\/06\/number-2-430x430.png 430w, https:\/\/www.conacyt.gob.sv\/wp-content\/uploads\/2023\/06\/number-2-150x150.png 150w, https:\/\/www.conacyt.gob.sv\/wp-content\/uploads\/2023\/06\/number-2.png 512w\" sizes=\"(max-width: 430px) 100vw, 430px\" \/><\/figure><div class=\"wp-block-media-text__content\">\n<p>Una carta del rector (Universidades) o director (Centros de Investigaci\u00f3n), mediante la cual respalda la participaci\u00f3n de la investigaci\u00f3n que identifica con los datos siguientes:&nbsp;<\/p>\n\n\n\n<ul class=\"wp-block-list\">\n<li>el t\u00edtulo de la investigaci\u00f3n,<\/li>\n\n\n\n<li>el nombre del investigador principal,<\/li>\n\n\n\n<li>el de los colaboradores<\/li>\n\n\n\n<li>la categor\u00eda en la que se inscribe.<\/li>\n<\/ul>\n<\/div><\/div>\n\n\n\n<div class=\"wp-block-columns is-layout-flex wp-container-core-columns-is-layout-9d6595d7 wp-block-columns-is-layout-flex\">\n<div class=\"wp-block-column is-layout-flow wp-block-column-is-layout-flow\"><\/div>\n<\/div>\n\n\n\n<div class=\"wp-block-media-text alignwide is-stacked-on-mobile\" style=\"grid-template-columns:20% auto\"><figure class=\"wp-block-media-text__media\"><img decoding=\"async\" width=\"430\" height=\"430\" src=\"https:\/\/www.conacyt.gob.sv\/wp-content\/uploads\/2023\/06\/number-3-430x430.png\" alt=\"\" class=\"wp-image-2419 size-full\" srcset=\"https:\/\/www.conacyt.gob.sv\/wp-content\/uploads\/2023\/06\/number-3-430x430.png 430w, https:\/\/www.conacyt.gob.sv\/wp-content\/uploads\/2023\/06\/number-3-150x150.png 150w, https:\/\/www.conacyt.gob.sv\/wp-content\/uploads\/2023\/06\/number-3.png 512w\" sizes=\"(max-width: 430px) 100vw, 430px\" \/><\/figure><div class=\"wp-block-media-text__content\">\n<p>El <strong>PREMIO NACIONAL DE INVESTIGACI\u00d3N CIENT\u00cdFICA 2023<\/strong>, consiste en un est\u00edmulo monetario para el primer lugar de <strong>$ 3,000.00 d\u00f3lares (reduci\u00e9ndose el impuesto de ley)<\/strong> y <strong>$ 1,500.00 d\u00f3lares (reduci\u00e9ndose el impuesto de ley)<\/strong> para el segundo lugar, as\u00ed c\u00f3mo <strong>una menci\u00f3n honor\u00edfica<\/strong> para el tercer lugar; que ser\u00e1 otorgado por el Consejo Nacional de Ciencia y Tecnolog\u00eda (CONACYT), al investigador o al equipo de investigadores ganador(es) en cada una de las categor\u00edas de participaci\u00f3n.&nbsp;<\/p>\n\n\n\n<p>Otorg\u00e1ndoles adem\u00e1s un Diploma de Ganadores, una medalla alusiva, y para la instituci\u00f3n a la que representan, una presea y un Diploma de Reconocimiento&nbsp;<\/p>\n<\/div><\/div>\n\n\n\n<div class=\"wp-block-columns is-layout-flex wp-container-core-columns-is-layout-9d6595d7 wp-block-columns-is-layout-flex\">\n<div class=\"wp-block-column is-layout-flow wp-block-column-is-layout-flow\"><\/div>\n<\/div>\n\n\n\n<div class=\"wp-block-columns is-layout-flex wp-container-core-columns-is-layout-9d6595d7 wp-block-columns-is-layout-flex\">\n<div class=\"wp-block-column is-layout-flow wp-block-column-is-layout-flow\">\n<p class=\"has-text-align-center\"><strong>En las bases de participaci\u00f3n, se detallan las reglas y requisitos del concurso, los criterios de evaluaci\u00f3n, as\u00ed como la informaci\u00f3n general sobre los premios que se otorgar\u00e1n a los ganadores de cada categor\u00eda.<\/strong><\/p>\n<\/div>\n<\/div>\n\n\n\n<div class=\"wp-block-buttons is-layout-flex wp-block-buttons-is-layout-flex\">\n<div class=\"wp-block-button has-custom-width wp-block-button__width-100\"><a class=\"wp-block-button__link has-background has-text-align-center wp-element-button\" href=\"https:\/\/www.conacyt.gob.sv\/?wpdmpro=bases-de-participacion-premio-2023\" style=\"background-color:#163673\">Bases de Participaci\u00f3n <\/a><\/div>\n<\/div>\n\n\n\n<div class=\"wp-block-columns is-layout-flex wp-container-core-columns-is-layout-9d6595d7 wp-block-columns-is-layout-flex\">\n<div class=\"wp-block-column is-layout-flow wp-block-column-is-layout-flow\"><\/div>\n<\/div>\n\n\n\n<div class=\"wp-block-buttons is-layout-flex wp-block-buttons-is-layout-flex\">\n<div class=\"wp-block-button has-custom-width wp-block-button__width-100\"><a class=\"wp-block-button__link has-background wp-element-button\" href=\"https:\/\/www.conacyt.gob.sv\/?wpdmpro=terminos-de-referencia-estructura-para-la-redaccion-de-un-articulo-cientifico\" style=\"background-color:#163673\"><strong>TDR Estructura para la redacci\u00f3n de un art\u00edculo cient\u00edfico<\/strong><\/a><\/div>\n<\/div>\n\n\n\n<div class=\"wp-block-columns is-layout-flex wp-container-core-columns-is-layout-9d6595d7 wp-block-columns-is-layout-flex\">\n<div class=\"wp-block-column is-layout-flow wp-block-column-is-layout-flow\"><\/div>\n<\/div>\n\n\n\n<div class=\"wp-block-buttons is-layout-flex wp-block-buttons-is-layout-flex\">\n<div class=\"wp-block-button has-custom-width wp-block-button__width-100\"><a class=\"wp-block-button__link has-background wp-element-button\" href=\"https:\/\/www.conacyt.gob.sv\/?wpdmpro=pitch-cientifico\" style=\"background-color:#163673\"><strong>Pitch Cient\u00edfico<\/strong><\/a><\/div>\n<\/div>\n\n\n\n<div class=\"wp-block-columns is-layout-flex wp-container-core-columns-is-layout-9d6595d7 wp-block-columns-is-layout-flex\">\n<div class=\"wp-block-column is-layout-flow wp-block-column-is-layout-flow\"><\/div>\n<\/div>\n\n\n\n<div class=\"wp-block-columns is-layout-flex wp-container-core-columns-is-layout-9d6595d7 wp-block-columns-is-layout-flex\">\n<div class=\"wp-block-column is-layout-flow wp-block-column-is-layout-flow\">\n<p class=\"has-text-align-center has-white-color has-text-color has-background\" style=\"background-color:#303845\">Si tiene alguna duda o consulta puede enviar un correo a <strong>emembreno@conacyt.gob.sv<\/strong>: con el asunto \u201c<strong>PARTICIPACI\u00d3N EN EL PREMIO NACIONAL A LA INVESTIGACI\u00d3N CIENT\u00cdFICA 2023\u201d.<\/strong><\/p>\n<\/div>\n<\/div>\n","protected":false},"excerpt":{"rendered":"<div class=\"parrafos-blancos-letranegra\"><p>InicioBasesFormulario de inscripci\u00f3nExtras Aspectos importantes de las Bases de competenciaque se deben tomar en cuenta El PREMIO NACIONAL DE INVESTIGACI\u00d3N CIENT\u00cdFICA 2023, consiste en un est\u00edmulo monetario para el primer [&hellip;]<\/p>\n<\/div>","protected":false},"author":1,"featured_media":0,"parent":0,"menu_order":0,"comment_status":"closed","ping_status":"closed","template":"","meta":{"om_disable_all_campaigns":false,"footnotes":""},"class_list":["post-2415","page","type-page","status-publish","hentry"],"_links":{"self":[{"href":"https:\/\/www.conacyt.gob.sv\/index.php?rest_route=\/wp\/v2\/pages\/2415","targetHints":{"allow":["GET"]}}],"collection":[{"href":"https:\/\/www.conacyt.gob.sv\/index.php?rest_route=\/wp\/v2\/pages"}],"about":[{"href":"https:\/\/www.conacyt.gob.sv\/index.php?rest_route=\/wp\/v2\/types\/page"}],"author":[{"embeddable":true,"href":"https:\/\/www.conacyt.gob.sv\/index.php?rest_route=\/wp\/v2\/users\/1"}],"replies":[{"embeddable":true,"href":"https:\/\/www.conacyt.gob.sv\/index.php?rest_route=%2Fwp%2Fv2%2Fcomments&post=2415"}],"version-history":[{"count":13,"href":"https:\/\/www.conacyt.gob.sv\/index.php?rest_route=\/wp\/v2\/pages\/2415\/revisions"}],"predecessor-version":[{"id":2468,"href":"https:\/\/www.conacyt.gob.sv\/index.php?rest_route=\/wp\/v2\/pages\/2415\/revisions\/2468"}],"wp:attachment":[{"href":"https:\/\/www.conacyt.gob.sv\/index.php?rest_route=%2Fwp%2Fv2%2Fmedia&parent=2415"}],"curies":[{"name":"wp","href":"https:\/\/api.w.org\/{rel}","templated":true}]}}