{"id":2820,"date":"2023-06-15T10:42:39","date_gmt":"2023-06-15T16:42:39","guid":{"rendered":"https:\/\/www.conacyt.gob.sv\/?page_id=2820"},"modified":"2025-07-25T09:58:10","modified_gmt":"2025-07-25T15:58:10","slug":"observatorio-que-hacemos","status":"publish","type":"page","link":"https:\/\/www.conacyt.gob.sv\/?page_id=2820","title":{"rendered":"Observatorio Que Hacemos"},"content":{"rendered":"\n<h3 class=\"wp-block-heading\">Indicadores de Ciencia y Tecnolog\u00eda<\/h3>\n\n\n\n<p>Recolecci\u00f3n, tratamiento, an\u00e1lisis y divulgaci\u00f3n de informaci\u00f3n estad\u00edstica y estudios provenientes de cada una de las unidades e instituciones dedicadas a la innovaci\u00f3n, ciencia y tecnolog\u00eda.<\/p>\n\n\n\n<h3 class=\"wp-block-heading\">El Registro de Investigadores Cient\u00edficos Salvadore\u00f1os<\/h3>\n\n\n\n<p>El Registro de Investigadores Cient\u00edficos Salvadore\u00f1os, (<a rel=\"noreferrer noopener\" href=\"https:\/\/plataformacyt.conacyt.gob.sv\/index.php\/registros\/registro-investigadores\" target=\"_blank\">REGICSAL<\/a>) , tiene entre sus objetivos:<\/p>\n\n\n\n<ol class=\"wp-block-list\">\n<li>Permitir la conformaci\u00f3n de redes de investigadores.<\/li>\n\n\n\n<li>Acceso a Becas.<\/li>\n\n\n\n<li>Acceso a cursos de capacitaci\u00f3n.<\/li>\n<\/ol>\n\n\n\n<p>La base de datos contenida en el Directorio de Investigadores en El Salvador \u2013al 2025- tiene un registro de 176.<\/p>\n\n\n\n<p>Debido a que el registro en el directorio es voluntario por parte de los investigadores, muestra una parte del universo total de los investigadores nacionales.<\/p>\n\n\n\n<p>Red Iberoamericana de Indicadores de Ciencia y Tecnolog\u00eda RICYT<\/p>\n\n\n\n<p>Suministro de Indicadores de Ciencia y Tecnolog\u00eda a&nbsp;La Red de Iberoamericana de Indicadores de Ciencia y Tecnolog\u00eda (RICYT) y a la UNESCO para su comparabilidad a nivel Iberoamericano.<\/p>\n\n\n\n<p>La Red de Indicadores de Ciencia y Tecnolog\u00eda -Iberoamericana e Interamericana- (RICYT), de la que participan todos los pa\u00edses de Am\u00e9rica, junto con Espa\u00f1a y Portugal, tiene como objetivo general promover el desarrollo y el uso de instrumentos para la medici\u00f3n y el an\u00e1lisis de la ciencia y la tecnolog\u00eda en Iberoam\u00e9rica, en un marco de cooperaci\u00f3n internacional, con el prop\u00f3sito de profundizar en su conocimiento y su utilizaci\u00f3n como instrumento pol\u00edtico para la toma de decisiones. En la RICYT participan instituciones y organismos nacionales de ciencia y tecnolog\u00eda (ONCyT), de los pa\u00edses de toda Am\u00e9rica y la Pen\u00ednsula Ib\u00e9rica.<\/p>\n","protected":false},"excerpt":{"rendered":"<div class=\"parrafos-blancos-letranegra\"><p>Indicadores de Ciencia y Tecnolog\u00eda Recolecci\u00f3n, tratamiento, an\u00e1lisis y divulgaci\u00f3n de informaci\u00f3n estad\u00edstica y estudios provenientes de cada una de las unidades e instituciones dedicadas a la innovaci\u00f3n, ciencia y [&hellip;]<\/p>\n<\/div>","protected":false},"author":1,"featured_media":2535,"parent":0,"menu_order":0,"comment_status":"closed","ping_status":"closed","template":"","meta":{"om_disable_all_campaigns":false,"footnotes":""},"class_list":["post-2820","page","type-page","status-publish","has-post-thumbnail","hentry"],"_links":{"self":[{"href":"https:\/\/www.conacyt.gob.sv\/index.php?rest_route=\/wp\/v2\/pages\/2820","targetHints":{"allow":["GET"]}}],"collection":[{"href":"https:\/\/www.conacyt.gob.sv\/index.php?rest_route=\/wp\/v2\/pages"}],"about":[{"href":"https:\/\/www.conacyt.gob.sv\/index.php?rest_route=\/wp\/v2\/types\/page"}],"author":[{"embeddable":true,"href":"https:\/\/www.conacyt.gob.sv\/index.php?rest_route=\/wp\/v2\/users\/1"}],"replies":[{"embeddable":true,"href":"https:\/\/www.conacyt.gob.sv\/index.php?rest_route=%2Fwp%2Fv2%2Fcomments&post=2820"}],"version-history":[{"count":3,"href":"https:\/\/www.conacyt.gob.sv\/index.php?rest_route=\/wp\/v2\/pages\/2820\/revisions"}],"predecessor-version":[{"id":3638,"href":"https:\/\/www.conacyt.gob.sv\/index.php?rest_route=\/wp\/v2\/pages\/2820\/revisions\/3638"}],"wp:featuredmedia":[{"embeddable":true,"href":"https:\/\/www.conacyt.gob.sv\/index.php?rest_route=\/wp\/v2\/media\/2535"}],"wp:attachment":[{"href":"https:\/\/www.conacyt.gob.sv\/index.php?rest_route=%2Fwp%2Fv2%2Fmedia&parent=2820"}],"curies":[{"name":"wp","href":"https:\/\/api.w.org\/{rel}","templated":true}]}}