{"id":3112,"date":"2023-09-26T09:21:50","date_gmt":"2023-09-26T15:21:50","guid":{"rendered":"https:\/\/conacyt.gob.sv\/?page_id=3112"},"modified":"2024-05-13T15:36:55","modified_gmt":"2024-05-13T21:36:55","slug":"politica-web-2","status":"publish","type":"page","link":"https:\/\/www.conacyt.gob.sv\/?page_id=3112","title":{"rendered":"Pol\u00edtica WEB"},"content":{"rendered":"\t\t<div data-elementor-type=\"wp-page\" data-elementor-id=\"3112\" class=\"elementor elementor-3112\">\n\t\t\t\t<div class=\"elementor-element elementor-element-1ce7ddce e-flex e-con-boxed e-con e-parent\" data-id=\"1ce7ddce\" data-element_type=\"container\">\n\t\t\t\t\t<div class=\"e-con-inner\">\n\t\t\t\t<div class=\"elementor-element elementor-element-71269bca elementor-widget elementor-widget-text-editor\" data-id=\"71269bca\" data-element_type=\"widget\" data-widget_type=\"text-editor.default\">\n\t\t\t\t<div class=\"elementor-widget-container\">\n\t\t\t\t\t\t\t\t\t<h1 class=\"text-center\" style=\"text-align: center;\">\u00a0<\/h1><p>La pol\u00edtica de seguridad y privacidad de los datos del presente sitio web describe el modo en que CONACYT (a partir de ahora, \u201cla instituci\u00f3n\u201d), podr\u00e1 utilizar la informaci\u00f3n que pueda recopilar sobre el usuario a trav\u00e9s del sitio web.<\/p><ol><li><strong>Protecci\u00f3n de Datos.<\/strong><\/li><\/ol><p>La instituci\u00f3n maneja la informaci\u00f3n del usuario con los niveles m\u00e1ximos de protecci\u00f3n posibles en un sistema automatizado de tratamiento de datos. La informaci\u00f3n del usuario se incorpora a bases de datos y archivos propiedad de la instituci\u00f3n y s\u00f3lo son accedidos por los administradores inform\u00e1ticos con el fin de asegurar el funcionamiento de los sistemas computacionales.<br \/>La informaci\u00f3n del usuario se almacena en los servidores de la instituci\u00f3n y se conserva en el entorno m\u00e1s seguro posible, con todo tipo de medidas de seguridad f\u00edsicas y tecnol\u00f3gicas, y se trata con la m\u00e1s absoluta confidencialidad.<\/p><ol start=\"2\"><li><strong>Seguridad de la informaci\u00f3n.<\/strong><\/li><\/ol><p>La instituci\u00f3n ha empleado todos los sistemas y medidas t\u00e9cnicas a su alcance para evitar la p\u00e9rdida, mal uso, alteraci\u00f3n, acceso no autorizado y sustracci\u00f3n de los datos facilitados por el usuario.<br \/>No obstante, el usuario debe ser consciente de que las medidas de seguridad en internet no son inexpugnables.<\/p><ol start=\"3\"><li><strong>Recopilaci\u00f3n y utilizaci\u00f3n de la informaci\u00f3n personal.<\/strong><\/li><\/ol><p>Cuando el usuario se registre en el sitio web, la instituci\u00f3n puede pedirle determinada informaci\u00f3n de car\u00e1cter personal. La instituci\u00f3n utiliza los datos recopilados a trav\u00e9s del sitio web para registrar al usuario en el mismo y para remitirle la informaci\u00f3n o los servicios que \u00e9ste nos solicite. La instituci\u00f3n procesar\u00e1 la informaci\u00f3n personal del usuario siempre que ello constituya un requisito para proporcionarle un mejor servicio, y siempre dentro de los l\u00edmites permitidos por la ley. La instituci\u00f3n asume el compromiso de no recopilar informaci\u00f3n innecesaria sobre el usuario.<\/p><ol start=\"4\"><li><strong>An\u00e1lisis de la informaci\u00f3n de bit\u00e1coras.<\/strong><\/li><\/ol><p>La instituci\u00f3n puede almacenar y hacer uso de las direcciones IP que figuran en los archivos \u2018log\u2019 o bit\u00e1cora a fin de analizar las tendencias, administrar el sitio y realizar un seguimiento de la utilizaci\u00f3n del sitio en su conjunto. La informaci\u00f3n global recogida puede utilizarse para personalizar la respuesta al usuario. La instituci\u00f3n no asocia direcciones IP con informaci\u00f3n identificable personalmente.<\/p><ol start=\"5\"><li><strong>Sesi\u00f3n de informaci\u00f3n personal a terceros.<\/strong><\/li><\/ol><p>La instituci\u00f3n puede ceder informaci\u00f3n personal del usuario exclusivamente a otras instituciones del gobierno de El Salvador, y \u00fanicamente en el caso de que esta sesi\u00f3n sea necesaria para ejecutar un servicio o tr\u00e1mite que el usuario haya solicitado de forma expresa a trav\u00e9s del sitio Web.<\/p><p>Con excepci\u00f3n del caso anterior, la instituci\u00f3n no vende, cede, ni transmita en modo alguno, informaci\u00f3n personal de sus usuarios a terceros.<\/p><ol start=\"6\"><li><strong>Aplicabilidad a otros sitios web.<\/strong><\/li><\/ol><p>El sitio web de la instituci\u00f3n puede contener enlaces a otros sitios. La instituci\u00f3n no dispone de control alguno, ni ostenta responsabilidad alguna sobre las pol\u00edticas o medidas de protecci\u00f3n de datos de otros sitios web.<\/p><ol start=\"7\"><li><strong>Utilizaci\u00f3n de la direcci\u00f3n de correo electr\u00f3nico del usuario.<\/strong><\/li><\/ol><p>La instituci\u00f3n puede remitir correos electr\u00f3nicos al usuario una vez \u00e9ste facilite su direcci\u00f3n, y bajo las condiciones expresamente aceptadas por \u00e9ste.<\/p><p>En protecci\u00f3n de la privacidad del usuario, \u00e9ste dispone de control absoluto sobre la recepci\u00f3n de dichos correos.<\/p><ol start=\"8\"><li><strong>Cambios en la pol\u00edtica de seguridad y protecci\u00f3n de datos.<\/strong><\/li><\/ol><p>La instituci\u00f3n se reserva el derecho de modificar su pol\u00edtica de seguridad y protecci\u00f3n de datos de forma discrecional, siempre con arreglo a la legislaci\u00f3n vigente en materia de protecci\u00f3n de datos, con efectos de la fecha de publicaci\u00f3n de dicha modificaci\u00f3n en el sitio web de la instituci\u00f3n.<\/p>\t\t\t\t\t\t\t\t<\/div>\n\t\t\t\t<\/div>\n\t\t\t\t\t<\/div>\n\t\t\t\t<\/div>\n\t\t\t\t<\/div>\n\t\t","protected":false},"excerpt":{"rendered":"<div class=\"parrafos-blancos-letranegra\"><p>\u00a0 La pol\u00edtica de seguridad y privacidad de los datos del presente sitio web describe el modo en que CONACYT (a partir de ahora, \u201cla instituci\u00f3n\u201d), podr\u00e1 utilizar la informaci\u00f3n [&hellip;]<\/p>\n<\/div>","protected":false},"author":1,"featured_media":0,"parent":0,"menu_order":0,"comment_status":"closed","ping_status":"closed","template":"","meta":{"om_disable_all_campaigns":false,"footnotes":""},"class_list":["post-3112","page","type-page","status-publish","hentry"],"_links":{"self":[{"href":"https:\/\/www.conacyt.gob.sv\/index.php?rest_route=\/wp\/v2\/pages\/3112","targetHints":{"allow":["GET"]}}],"collection":[{"href":"https:\/\/www.conacyt.gob.sv\/index.php?rest_route=\/wp\/v2\/pages"}],"about":[{"href":"https:\/\/www.conacyt.gob.sv\/index.php?rest_route=\/wp\/v2\/types\/page"}],"author":[{"embeddable":true,"href":"https:\/\/www.conacyt.gob.sv\/index.php?rest_route=\/wp\/v2\/users\/1"}],"replies":[{"embeddable":true,"href":"https:\/\/www.conacyt.gob.sv\/index.php?rest_route=%2Fwp%2Fv2%2Fcomments&post=3112"}],"version-history":[{"count":8,"href":"https:\/\/www.conacyt.gob.sv\/index.php?rest_route=\/wp\/v2\/pages\/3112\/revisions"}],"predecessor-version":[{"id":3212,"href":"https:\/\/www.conacyt.gob.sv\/index.php?rest_route=\/wp\/v2\/pages\/3112\/revisions\/3212"}],"wp:attachment":[{"href":"https:\/\/www.conacyt.gob.sv\/index.php?rest_route=%2Fwp%2Fv2%2Fmedia&parent=3112"}],"curies":[{"name":"wp","href":"https:\/\/api.w.org\/{rel}","templated":true}]}}